{"id":2798,"date":"2021-04-15T16:07:50","date_gmt":"2021-04-15T20:07:50","guid":{"rendered":"https:\/\/gkpathway.com\/?page_id=2798"},"modified":"2025-05-23T08:42:07","modified_gmt":"2025-05-23T12:42:07","slug":"clinic-series","status":"publish","type":"page","link":"https:\/\/gkpathway.com\/en\/clinic-series\/","title":{"rendered":"Clinic series"},"content":{"rendered":"<h2>THE GK PATHWAY &#8211; Attacking Player and Goalkeeper CLINIC SERIES 2025<\/h2>\n<h4><img loading=\"lazy\" decoding=\"async\" class=\"size-medium wp-image-2812 alignleft\" src=\"http:\/\/gkpathway.com\/wp-content\/uploads\/sites\/443\/2021\/04\/Logo_Gant-fonce_EN-300x235.png\" alt=\"\" width=\"300\" height=\"235\" srcset=\"https:\/\/gkpathway.com\/wp-content\/uploads\/sites\/443\/2021\/04\/Logo_Gant-fonce_EN-300x235.png 300w, https:\/\/gkpathway.com\/wp-content\/uploads\/sites\/443\/2021\/04\/Logo_Gant-fonce_EN.png 594w\" sizes=\"(max-width: 300px) 100vw, 300px\" \/><span style=\"font-size: 16px;font-family: georgia, palatino, serif\"> Goalkeeper Pathway this year will be offering two and three day goalkeeper and attacking player\u00a0 clinics!\u00a0<\/span><\/h4>\n<p><span style=\"font-family: georgia, palatino, serif\">New this year, we are holding attacking player and goalkeeper clinics. What better way to improve in both positions by training together!<\/span><\/p>\n<p><span style=\"font-family: georgia, palatino, serif\">With university and college coaches and players, along with ex Canadian-national team members and ex-professional players guiding our training, both attacking players and goalkeepers will receive top education in these two areas of the game.\u00a0 <\/span><\/p>\n<p><span style=\"font-family: georgia, palatino, serif\">Our goal is to help young players in these positions to learn more about the two areas of the game by training against each other. In addition to on the field training, we also will have dedicated sessions in the classroom reviewing film footage recorded of the on-field training educating players through film study.\u00a0 In addition, we will also be introducing and educating players on the benefits of strength and conditioning with our certified strength and conditioning coach through sessions in the gym and on the field.\u00a0<\/span><\/p>\n<p><span style=\"font-family: georgia, palatino, serif\">Our three day clinic is for goalkeepers and attacking players, male and female, ages 13-18, playing in competitive programs. ex.<\/span><\/p>\n<ul>\n<li><span style=\"font-size: 10pt\">LDP \u2013 \u00c9quipes U14 \u00e0 U17 qui jouent dans la ligue Provincial (anciennement AAA)<\/span><\/li>\n<li><span style=\"font-size: 10pt\">LDP (LDIR 1) \u2013 \u00c9quipes U13 qui jouent dans la ligue InterR\u00e9gional (anciennement AAA)<\/span><\/li>\n<li><span style=\"font-size: 10pt\">LDIR \u2013 \u00c9quipes U13 \u00e0 U18 qui jouent dans la ligue InterR\u00e9gional (anciennement AA)<\/span><\/li>\n<li><span style=\"font-size: 10pt\">LDR \u2013 \u00c9quipes U13 \u00e0 U18 qui jouent dans la ligue R\u00e9gional (anciennement A)<\/span><\/li>\n<\/ul>\n<p>&nbsp;<\/p>\n<p><strong>Montreal, QC Clinic<\/strong><\/p>\n<p>(Completed)<\/p>\n<p><strong>Kingston, ON Clinic<\/strong><\/p>\n<p><strong>When<\/strong>: June 27,28,29, 2025<\/p>\n<p><strong>Time<\/strong>: June 27th (4:30pm-7:30pm) June 28-29 (9:30am -1pm)<\/p>\n<p><strong>Where<\/strong>: St Lawrence College,\u00a0 100 Portsmouth Ave\u00a0 Kingston, ON K7L 5A6<\/p>\n<p><strong>Cost: <\/strong>$350.00\u00a0 plus tax<\/p>\n<p>Click here to register:<\/p>\n<p><a href=\"https:\/\/docs.google.com\/forms\/d\/e\/1FAIpQLSd8vSOzUW-fUCe2A2HK1UGv47yUBTDYGs9oxCdjJ0S3UE3cZA\/viewform?usp=header\">https:\/\/docs.google.com\/forms\/d\/e\/1FAIpQLSd8vSOzUW-fUCe2A2HK1UGv47yUBTDYGs9oxCdjJ0S3UE3cZA\/viewform?usp=header<\/a><\/p>\n<p>&nbsp;<\/p>\n<p>&nbsp;<\/p>\n<p>&nbsp;<\/p>\n<p>&nbsp;<\/p>\n<p><img loading=\"lazy\" decoding=\"async\" class=\"alignnone size-medium wp-image-3331\" src=\"http:\/\/gkpathway.com\/wp-content\/uploads\/sites\/443\/2022\/06\/IMG_2567-168x300.png\" alt=\"\" width=\"168\" height=\"300\" srcset=\"https:\/\/gkpathway.com\/wp-content\/uploads\/sites\/443\/2022\/06\/IMG_2567-168x300.png 168w, https:\/\/gkpathway.com\/wp-content\/uploads\/sites\/443\/2022\/06\/IMG_2567.png 359w\" sizes=\"(max-width: 168px) 100vw, 168px\" \/><img loading=\"lazy\" decoding=\"async\" class=\"alignnone size-medium wp-image-3291\" src=\"http:\/\/gkpathway.com\/wp-content\/uploads\/sites\/443\/2022\/06\/thumbnail_IMG_2712-1-168x300.png\" alt=\"\" width=\"168\" height=\"300\" srcset=\"https:\/\/gkpathway.com\/wp-content\/uploads\/sites\/443\/2022\/06\/thumbnail_IMG_2712-1-168x300.png 168w, https:\/\/gkpathway.com\/wp-content\/uploads\/sites\/443\/2022\/06\/thumbnail_IMG_2712-1.png 359w\" sizes=\"(max-width: 168px) 100vw, 168px\" \/><img loading=\"lazy\" decoding=\"async\" class=\"alignnone size-medium wp-image-3283\" src=\"http:\/\/gkpathway.com\/wp-content\/uploads\/sites\/443\/2022\/06\/thumbnail_IMG_2714-228x300.jpg\" alt=\"\" width=\"228\" height=\"300\" srcset=\"https:\/\/gkpathway.com\/wp-content\/uploads\/sites\/443\/2022\/06\/thumbnail_IMG_2714-228x300.jpg 228w, https:\/\/gkpathway.com\/wp-content\/uploads\/sites\/443\/2022\/06\/thumbnail_IMG_2714.jpg 486w\" sizes=\"(max-width: 228px) 100vw, 228px\" \/><img loading=\"lazy\" decoding=\"async\" class=\"alignnone size-medium wp-image-3279\" src=\"http:\/\/gkpathway.com\/wp-content\/uploads\/sites\/443\/2022\/06\/thumbnail_IMG_2716-300x285.jpg\" alt=\"\" width=\"300\" height=\"285\" srcset=\"https:\/\/gkpathway.com\/wp-content\/uploads\/sites\/443\/2022\/06\/thumbnail_IMG_2716-300x285.jpg 300w, https:\/\/gkpathway.com\/wp-content\/uploads\/sites\/443\/2022\/06\/thumbnail_IMG_2716.jpg 640w\" sizes=\"(max-width: 300px) 100vw, 300px\" \/><img loading=\"lazy\" decoding=\"async\" class=\"alignnone size-medium wp-image-3323\" src=\"http:\/\/gkpathway.com\/wp-content\/uploads\/sites\/443\/2022\/06\/thumbnail_IMG_1442-225x300.jpg\" alt=\"\" width=\"225\" height=\"300\" srcset=\"https:\/\/gkpathway.com\/wp-content\/uploads\/sites\/443\/2022\/06\/thumbnail_IMG_1442-225x300.jpg 225w, https:\/\/gkpathway.com\/wp-content\/uploads\/sites\/443\/2022\/06\/thumbnail_IMG_1442.jpg 481w\" sizes=\"(max-width: 225px) 100vw, 225px\" \/><\/p>\n","protected":false},"excerpt":{"rendered":"<p>THE GK PATHWAY &#8211; Attacking Player and Goalkeeper CLINIC SERIES 2025 Goalkeeper Pathway this year will be offering two and three day goalkeeper and attacking player\u00a0 clinics!\u00a0 New this year, we are holding attacking player and goalkeeper clinics. What better way to improve in both positions by training together! With university and college coaches and [&hellip;]<\/p>\n","protected":false},"author":193,"featured_media":0,"parent":0,"menu_order":0,"comment_status":"closed","ping_status":"closed","template":"","meta":{"_acf_changed":false,"footnotes":""},"class_list":["post-2798","page","type-page","status-publish","hentry"],"acf":[],"yoast_head":"<!-- This site is optimized with the Yoast SEO plugin v25.7 - https:\/\/yoast.com\/wordpress\/plugins\/seo\/ -->\n<title>Clinic series - GK Pathway<\/title>\n<meta name=\"robots\" content=\"index, follow, max-snippet:-1, max-image-preview:large, max-video-preview:-1\" \/>\n<link rel=\"canonical\" href=\"https:\/\/gkpathway.com\/en\/clinic-series\/\" \/>\n<meta property=\"og:locale\" content=\"en_US\" \/>\n<meta property=\"og:type\" content=\"article\" \/>\n<meta property=\"og:title\" content=\"Clinic series - GK Pathway\" \/>\n<meta property=\"og:description\" content=\"THE GK PATHWAY &#8211; Attacking Player and Goalkeeper CLINIC SERIES 2025 Goalkeeper Pathway this year will be offering two and three day goalkeeper and attacking player\u00a0 clinics!\u00a0 New this year, we are holding attacking player and goalkeeper clinics. What better way to improve in both positions by training together! With university and college coaches and [&hellip;]\" \/>\n<meta property=\"og:url\" content=\"https:\/\/gkpathway.com\/en\/clinic-series\/\" \/>\n<meta property=\"og:site_name\" content=\"GK Pathway\" \/>\n<meta property=\"article:modified_time\" content=\"2025-05-23T12:42:07+00:00\" \/>\n<meta property=\"og:image\" content=\"http:\/\/gkpathway.com\/wp-content\/uploads\/sites\/443\/2021\/04\/Logo_Gant-fonce_EN-300x235.png\" \/>\n<meta name=\"twitter:card\" content=\"summary_large_image\" \/>\n<meta name=\"twitter:label1\" content=\"Est. reading time\" \/>\n\t<meta name=\"twitter:data1\" content=\"3 minutes\" \/>\n<script type=\"application\/ld+json\" class=\"yoast-schema-graph\">{\"@context\":\"https:\/\/schema.org\",\"@graph\":[{\"@type\":\"WebPage\",\"@id\":\"https:\/\/gkpathway.com\/en\/clinic-series\/\",\"url\":\"https:\/\/gkpathway.com\/en\/clinic-series\/\",\"name\":\"Clinic series - GK Pathway\",\"isPartOf\":{\"@id\":\"https:\/\/gkpathway.com\/#website\"},\"primaryImageOfPage\":{\"@id\":\"https:\/\/gkpathway.com\/en\/clinic-series\/#primaryimage\"},\"image\":{\"@id\":\"https:\/\/gkpathway.com\/en\/clinic-series\/#primaryimage\"},\"thumbnailUrl\":\"http:\/\/gkpathway.com\/wp-content\/uploads\/sites\/443\/2021\/04\/Logo_Gant-fonce_EN-300x235.png\",\"datePublished\":\"2021-04-15T20:07:50+00:00\",\"dateModified\":\"2025-05-23T12:42:07+00:00\",\"breadcrumb\":{\"@id\":\"https:\/\/gkpathway.com\/en\/clinic-series\/#breadcrumb\"},\"inLanguage\":\"en-US\",\"potentialAction\":[{\"@type\":\"ReadAction\",\"target\":[\"https:\/\/gkpathway.com\/en\/clinic-series\/\"]}]},{\"@type\":\"ImageObject\",\"inLanguage\":\"en-US\",\"@id\":\"https:\/\/gkpathway.com\/en\/clinic-series\/#primaryimage\",\"url\":\"http:\/\/gkpathway.com\/wp-content\/uploads\/sites\/443\/2021\/04\/Logo_Gant-fonce_EN-300x235.png\",\"contentUrl\":\"http:\/\/gkpathway.com\/wp-content\/uploads\/sites\/443\/2021\/04\/Logo_Gant-fonce_EN-300x235.png\"},{\"@type\":\"BreadcrumbList\",\"@id\":\"https:\/\/gkpathway.com\/en\/clinic-series\/#breadcrumb\",\"itemListElement\":[{\"@type\":\"ListItem\",\"position\":1,\"name\":\"Accueil\",\"item\":\"https:\/\/gkpathway.com\/en\/\"},{\"@type\":\"ListItem\",\"position\":2,\"name\":\"Clinic series\"}]},{\"@type\":\"WebSite\",\"@id\":\"https:\/\/gkpathway.com\/#website\",\"url\":\"https:\/\/gkpathway.com\/\",\"name\":\"GK Pathway\",\"description\":\"Un site utilisant Les sites de Shark M\u00e9dia & Sport, template Slapshot\",\"potentialAction\":[{\"@type\":\"SearchAction\",\"target\":{\"@type\":\"EntryPoint\",\"urlTemplate\":\"https:\/\/gkpathway.com\/?s={search_term_string}\"},\"query-input\":{\"@type\":\"PropertyValueSpecification\",\"valueRequired\":true,\"valueName\":\"search_term_string\"}}],\"inLanguage\":\"en-US\"}]}<\/script>\n<!-- \/ Yoast SEO plugin. -->","yoast_head_json":{"title":"Clinic series - GK Pathway","robots":{"index":"index","follow":"follow","max-snippet":"max-snippet:-1","max-image-preview":"max-image-preview:large","max-video-preview":"max-video-preview:-1"},"canonical":"https:\/\/gkpathway.com\/en\/clinic-series\/","og_locale":"en_US","og_type":"article","og_title":"Clinic series - GK Pathway","og_description":"THE GK PATHWAY &#8211; Attacking Player and Goalkeeper CLINIC SERIES 2025 Goalkeeper Pathway this year will be offering two and three day goalkeeper and attacking player\u00a0 clinics!\u00a0 New this year, we are holding attacking player and goalkeeper clinics. What better way to improve in both positions by training together! With university and college coaches and [&hellip;]","og_url":"https:\/\/gkpathway.com\/en\/clinic-series\/","og_site_name":"GK Pathway","article_modified_time":"2025-05-23T12:42:07+00:00","og_image":[{"url":"http:\/\/gkpathway.com\/wp-content\/uploads\/sites\/443\/2021\/04\/Logo_Gant-fonce_EN-300x235.png","type":"","width":"","height":""}],"twitter_card":"summary_large_image","twitter_misc":{"Est. reading time":"3 minutes"},"schema":{"@context":"https:\/\/schema.org","@graph":[{"@type":"WebPage","@id":"https:\/\/gkpathway.com\/en\/clinic-series\/","url":"https:\/\/gkpathway.com\/en\/clinic-series\/","name":"Clinic series - GK Pathway","isPartOf":{"@id":"https:\/\/gkpathway.com\/#website"},"primaryImageOfPage":{"@id":"https:\/\/gkpathway.com\/en\/clinic-series\/#primaryimage"},"image":{"@id":"https:\/\/gkpathway.com\/en\/clinic-series\/#primaryimage"},"thumbnailUrl":"http:\/\/gkpathway.com\/wp-content\/uploads\/sites\/443\/2021\/04\/Logo_Gant-fonce_EN-300x235.png","datePublished":"2021-04-15T20:07:50+00:00","dateModified":"2025-05-23T12:42:07+00:00","breadcrumb":{"@id":"https:\/\/gkpathway.com\/en\/clinic-series\/#breadcrumb"},"inLanguage":"en-US","potentialAction":[{"@type":"ReadAction","target":["https:\/\/gkpathway.com\/en\/clinic-series\/"]}]},{"@type":"ImageObject","inLanguage":"en-US","@id":"https:\/\/gkpathway.com\/en\/clinic-series\/#primaryimage","url":"http:\/\/gkpathway.com\/wp-content\/uploads\/sites\/443\/2021\/04\/Logo_Gant-fonce_EN-300x235.png","contentUrl":"http:\/\/gkpathway.com\/wp-content\/uploads\/sites\/443\/2021\/04\/Logo_Gant-fonce_EN-300x235.png"},{"@type":"BreadcrumbList","@id":"https:\/\/gkpathway.com\/en\/clinic-series\/#breadcrumb","itemListElement":[{"@type":"ListItem","position":1,"name":"Accueil","item":"https:\/\/gkpathway.com\/en\/"},{"@type":"ListItem","position":2,"name":"Clinic series"}]},{"@type":"WebSite","@id":"https:\/\/gkpathway.com\/#website","url":"https:\/\/gkpathway.com\/","name":"GK Pathway","description":"Un site utilisant Les sites de Shark M\u00e9dia & Sport, template Slapshot","potentialAction":[{"@type":"SearchAction","target":{"@type":"EntryPoint","urlTemplate":"https:\/\/gkpathway.com\/?s={search_term_string}"},"query-input":{"@type":"PropertyValueSpecification","valueRequired":true,"valueName":"search_term_string"}}],"inLanguage":"en-US"}]}},"_links":{"self":[{"href":"https:\/\/gkpathway.com\/en\/wp-json\/wp\/v2\/pages\/2798","targetHints":{"allow":["GET"]}}],"collection":[{"href":"https:\/\/gkpathway.com\/en\/wp-json\/wp\/v2\/pages"}],"about":[{"href":"https:\/\/gkpathway.com\/en\/wp-json\/wp\/v2\/types\/page"}],"author":[{"embeddable":true,"href":"https:\/\/gkpathway.com\/en\/wp-json\/wp\/v2\/users\/193"}],"replies":[{"embeddable":true,"href":"https:\/\/gkpathway.com\/en\/wp-json\/wp\/v2\/comments?post=2798"}],"version-history":[{"count":73,"href":"https:\/\/gkpathway.com\/en\/wp-json\/wp\/v2\/pages\/2798\/revisions"}],"predecessor-version":[{"id":3670,"href":"https:\/\/gkpathway.com\/en\/wp-json\/wp\/v2\/pages\/2798\/revisions\/3670"}],"wp:attachment":[{"href":"https:\/\/gkpathway.com\/en\/wp-json\/wp\/v2\/media?parent=2798"}],"curies":[{"name":"wp","href":"https:\/\/api.w.org\/{rel}","templated":true}]}}